{"id":6,"date":"2019-02-13T15:31:09","date_gmt":"2019-02-13T14:31:09","guid":{"rendered":"https:\/\/psychologiazycia.com\/sklep\/koszyk\/"},"modified":"2019-03-13T08:07:32","modified_gmt":"2019-03-13T07:07:32","slug":"koszyk","status":"publish","type":"page","link":"https:\/\/psychologiazycia.com\/sklep\/koszyk\/","title":{"rendered":"KOSZYK"},"content":{"rendered":"\n","protected":false},"excerpt":{"rendered":"","protected":false},"author":1,"featured_media":0,"parent":0,"menu_order":0,"comment_status":"closed","ping_status":"closed","template":"","meta":{"footnotes":""},"class_list":["post-6","page","type-page","status-publish","hentry"],"yoast_head":"<!-- This site is optimized with the Yoast SEO plugin v23.4 - https:\/\/yoast.com\/wordpress\/plugins\/seo\/ -->\n<title>KOSZYK - SKLEP ONLINE - Psychology of Life - \u015bwiat wielu mo\u017cliwo\u015bci...<\/title>\n<meta name=\"description\" content=\"Do\u015bwiadczasz \u017cyciowych trudno\u015bci? Masz problem i nie wiesz, jak sobie poradzi\u0107? NIE PODDAWAJ SI\u0118! Wsp\u00f3lnie poszukamy drogi do szcz\u0119\u015bcia. ZAPRASZAM!\" \/>\n<meta name=\"robots\" content=\"index, follow, max-snippet:-1, max-image-preview:large, max-video-preview:-1\" \/>\n<link rel=\"canonical\" href=\"https:\/\/psychologiazycia.com\/sklep\/koszyk\/\" \/>\n<meta property=\"og:locale\" content=\"pl_PL\" \/>\n<meta property=\"og:type\" content=\"article\" \/>\n<meta property=\"og:title\" content=\"KOSZYK - SKLEP ONLINE - Psychology of Life - \u015bwiat wielu mo\u017cliwo\u015bci...\" \/>\n<meta property=\"og:description\" content=\"Do\u015bwiadczasz \u017cyciowych trudno\u015bci? Masz problem i nie wiesz, jak sobie poradzi\u0107? NIE PODDAWAJ SI\u0118! Wsp\u00f3lnie poszukamy drogi do szcz\u0119\u015bcia. ZAPRASZAM!\" \/>\n<meta property=\"og:url\" content=\"https:\/\/psychologiazycia.com\/sklep\/koszyk\/\" \/>\n<meta property=\"og:site_name\" content=\"Psychology of Life - SKLEP\" \/>\n<meta property=\"article:modified_time\" content=\"2019-03-13T07:07:32+00:00\" \/>\n<meta name=\"twitter:card\" content=\"summary_large_image\" \/>\n<script type=\"application\/ld+json\" class=\"yoast-schema-graph\">{\"@context\":\"https:\/\/schema.org\",\"@graph\":[{\"@type\":\"WebPage\",\"@id\":\"https:\/\/psychologiazycia.com\/sklep\/koszyk\/\",\"url\":\"https:\/\/psychologiazycia.com\/sklep\/koszyk\/\",\"name\":\"KOSZYK - SKLEP ONLINE - Psychology of Life - \u015bwiat wielu mo\u017cliwo\u015bci...\",\"isPartOf\":{\"@id\":\"https:\/\/psychologiazycia.com\/sklep\/#website\"},\"datePublished\":\"2019-02-13T14:31:09+00:00\",\"dateModified\":\"2019-03-13T07:07:32+00:00\",\"description\":\"Do\u015bwiadczasz \u017cyciowych trudno\u015bci? Masz problem i nie wiesz, jak sobie poradzi\u0107? NIE PODDAWAJ SI\u0118! Wsp\u00f3lnie poszukamy drogi do szcz\u0119\u015bcia. ZAPRASZAM!\",\"breadcrumb\":{\"@id\":\"https:\/\/psychologiazycia.com\/sklep\/koszyk\/#breadcrumb\"},\"inLanguage\":\"pl-PL\",\"potentialAction\":[{\"@type\":\"ReadAction\",\"target\":[\"https:\/\/psychologiazycia.com\/sklep\/koszyk\/\"]}]},{\"@type\":\"BreadcrumbList\",\"@id\":\"https:\/\/psychologiazycia.com\/sklep\/koszyk\/#breadcrumb\",\"itemListElement\":[{\"@type\":\"ListItem\",\"position\":1,\"name\":\"Strona g\u0142\u00f3wna\",\"item\":\"https:\/\/psychologiazycia.com\/sklep\/\"},{\"@type\":\"ListItem\",\"position\":2,\"name\":\"KOSZYK\"}]},{\"@type\":\"WebSite\",\"@id\":\"https:\/\/psychologiazycia.com\/sklep\/#website\",\"url\":\"https:\/\/psychologiazycia.com\/sklep\/\",\"name\":\"Psychology of Life - SKLEP\",\"description\":\"\",\"potentialAction\":[{\"@type\":\"SearchAction\",\"target\":{\"@type\":\"EntryPoint\",\"urlTemplate\":\"https:\/\/psychologiazycia.com\/sklep\/?s={search_term_string}\"},\"query-input\":{\"@type\":\"PropertyValueSpecification\",\"valueRequired\":true,\"valueName\":\"search_term_string\"}}],\"inLanguage\":\"pl-PL\"}]}<\/script>\n<!-- \/ Yoast SEO plugin. -->","yoast_head_json":{"title":"KOSZYK - SKLEP ONLINE - Psychology of Life - \u015bwiat wielu mo\u017cliwo\u015bci...","description":"Do\u015bwiadczasz \u017cyciowych trudno\u015bci? Masz problem i nie wiesz, jak sobie poradzi\u0107? NIE PODDAWAJ SI\u0118! Wsp\u00f3lnie poszukamy drogi do szcz\u0119\u015bcia. ZAPRASZAM!","robots":{"index":"index","follow":"follow","max-snippet":"max-snippet:-1","max-image-preview":"max-image-preview:large","max-video-preview":"max-video-preview:-1"},"canonical":"https:\/\/psychologiazycia.com\/sklep\/koszyk\/","og_locale":"pl_PL","og_type":"article","og_title":"KOSZYK - SKLEP ONLINE - Psychology of Life - \u015bwiat wielu mo\u017cliwo\u015bci...","og_description":"Do\u015bwiadczasz \u017cyciowych trudno\u015bci? Masz problem i nie wiesz, jak sobie poradzi\u0107? NIE PODDAWAJ SI\u0118! Wsp\u00f3lnie poszukamy drogi do szcz\u0119\u015bcia. ZAPRASZAM!","og_url":"https:\/\/psychologiazycia.com\/sklep\/koszyk\/","og_site_name":"Psychology of Life - SKLEP","article_modified_time":"2019-03-13T07:07:32+00:00","twitter_card":"summary_large_image","schema":{"@context":"https:\/\/schema.org","@graph":[{"@type":"WebPage","@id":"https:\/\/psychologiazycia.com\/sklep\/koszyk\/","url":"https:\/\/psychologiazycia.com\/sklep\/koszyk\/","name":"KOSZYK - SKLEP ONLINE - Psychology of Life - \u015bwiat wielu mo\u017cliwo\u015bci...","isPartOf":{"@id":"https:\/\/psychologiazycia.com\/sklep\/#website"},"datePublished":"2019-02-13T14:31:09+00:00","dateModified":"2019-03-13T07:07:32+00:00","description":"Do\u015bwiadczasz \u017cyciowych trudno\u015bci? Masz problem i nie wiesz, jak sobie poradzi\u0107? NIE PODDAWAJ SI\u0118! Wsp\u00f3lnie poszukamy drogi do szcz\u0119\u015bcia. ZAPRASZAM!","breadcrumb":{"@id":"https:\/\/psychologiazycia.com\/sklep\/koszyk\/#breadcrumb"},"inLanguage":"pl-PL","potentialAction":[{"@type":"ReadAction","target":["https:\/\/psychologiazycia.com\/sklep\/koszyk\/"]}]},{"@type":"BreadcrumbList","@id":"https:\/\/psychologiazycia.com\/sklep\/koszyk\/#breadcrumb","itemListElement":[{"@type":"ListItem","position":1,"name":"Strona g\u0142\u00f3wna","item":"https:\/\/psychologiazycia.com\/sklep\/"},{"@type":"ListItem","position":2,"name":"KOSZYK"}]},{"@type":"WebSite","@id":"https:\/\/psychologiazycia.com\/sklep\/#website","url":"https:\/\/psychologiazycia.com\/sklep\/","name":"Psychology of Life - SKLEP","description":"","potentialAction":[{"@type":"SearchAction","target":{"@type":"EntryPoint","urlTemplate":"https:\/\/psychologiazycia.com\/sklep\/?s={search_term_string}"},"query-input":{"@type":"PropertyValueSpecification","valueRequired":true,"valueName":"search_term_string"}}],"inLanguage":"pl-PL"}]}},"_links":{"self":[{"href":"https:\/\/psychologiazycia.com\/sklep\/wp-json\/wp\/v2\/pages\/6"}],"collection":[{"href":"https:\/\/psychologiazycia.com\/sklep\/wp-json\/wp\/v2\/pages"}],"about":[{"href":"https:\/\/psychologiazycia.com\/sklep\/wp-json\/wp\/v2\/types\/page"}],"author":[{"embeddable":true,"href":"https:\/\/psychologiazycia.com\/sklep\/wp-json\/wp\/v2\/users\/1"}],"replies":[{"embeddable":true,"href":"https:\/\/psychologiazycia.com\/sklep\/wp-json\/wp\/v2\/comments?post=6"}],"version-history":[{"count":2,"href":"https:\/\/psychologiazycia.com\/sklep\/wp-json\/wp\/v2\/pages\/6\/revisions"}],"predecessor-version":[{"id":271,"href":"https:\/\/psychologiazycia.com\/sklep\/wp-json\/wp\/v2\/pages\/6\/revisions\/271"}],"wp:attachment":[{"href":"https:\/\/psychologiazycia.com\/sklep\/wp-json\/wp\/v2\/media?parent=6"}],"curies":[{"name":"wp","href":"https:\/\/api.w.org\/{rel}","templated":true}]}}